{"id":1023,"date":"2021-10-26T15:48:27","date_gmt":"2021-10-26T13:48:27","guid":{"rendered":"https:\/\/eduardopalao.com\/?page_id=1023"},"modified":"2022-03-11T20:37:53","modified_gmt":"2022-03-11T19:37:53","slug":"jorge-varela-2","status":"publish","type":"page","link":"https:\/\/eduardopalao.com\/zh\/jorge-varela-2\/","title":{"rendered":"Jorge Varela"},"content":{"rendered":"<div data-elementor-type=\"wp-page\" data-elementor-id=\"1023\" class=\"elementor elementor-1023\" data-elementor-post-type=\"page\">\n\t\t\t\t\t\t<section class=\"elementor-section elementor-top-section elementor-element elementor-element-d068da7 elementor-section-boxed elementor-section-height-default elementor-section-height-default\" data-id=\"d068da7\" data-element_type=\"section\" data-e-type=\"section\" data-settings=\"{&quot;background_background&quot;:&quot;gradient&quot;}\">\n\t\t\t\t\t\t<div class=\"elementor-container elementor-column-gap-no\">\n\t\t\t\t\t<div class=\"elementor-column elementor-col-100 elementor-top-column elementor-element elementor-element-3e682f6\" data-id=\"3e682f6\" data-element_type=\"column\" data-e-type=\"column\" data-settings=\"{&quot;background_background&quot;:&quot;classic&quot;}\">\n\t\t\t<div class=\"elementor-widget-wrap elementor-element-populated\">\n\t\t\t\t\t\t<div class=\"elementor-element elementor-element-3965d93 elementor-widget elementor-widget-spacer\" data-id=\"3965d93\" data-element_type=\"widget\" data-e-type=\"widget\" data-widget_type=\"spacer.default\">\n\t\t\t\t<div class=\"elementor-widget-container\">\n\t\t\t\t\t\t\t<div class=\"elementor-spacer\">\n\t\t\t<div class=\"elementor-spacer-inner\"><\/div>\n\t\t<\/div>\n\t\t\t\t\t\t<\/div>\n\t\t\t\t<\/div>\n\t\t\t\t<div class=\"elementor-element elementor-element-28d0367 elementor-widget elementor-widget-heading\" data-id=\"28d0367\" data-element_type=\"widget\" data-e-type=\"widget\" data-widget_type=\"heading.default\">\n\t\t\t\t<div class=\"elementor-widget-container\">\n\t\t\t\t\t<h2 class=\"elementor-heading-title elementor-size-default\">\u539a\u723e\u9ed1\u7d66\u611b\u5fb7\u83ef\u591a\uff08Edu\uff09\u8001\u5e2b\u7684\u4e00\u53e5\u8a71<\/h2>\t\t\t\t<\/div>\n\t\t\t\t<\/div>\n\t\t\t\t<section class=\"elementor-section elementor-inner-section elementor-element elementor-element-69e7899 elementor-section-boxed elementor-section-height-default elementor-section-height-default\" data-id=\"69e7899\" data-element_type=\"section\" data-e-type=\"section\">\n\t\t\t\t\t\t<div class=\"elementor-container elementor-column-gap-no\">\n\t\t\t\t\t<div class=\"elementor-column elementor-col-50 elementor-inner-column elementor-element elementor-element-833d5f9\" data-id=\"833d5f9\" data-element_type=\"column\" data-e-type=\"column\">\n\t\t\t<div class=\"elementor-widget-wrap elementor-element-populated\">\n\t\t\t\t\t\t<div class=\"elementor-element elementor-element-7bab0ba elementor-widget elementor-widget-image\" data-id=\"7bab0ba\" data-element_type=\"widget\" data-e-type=\"widget\" data-widget_type=\"image.default\">\n\t\t\t\t<div class=\"elementor-widget-container\">\n\t\t\t\t\t\t\t\t\t\t\t\t\t\t\t<img fetchpriority=\"high\" decoding=\"async\" width=\"640\" height=\"400\" src=\"https:\/\/eduardopalao.com\/wp-content\/uploads\/2021\/10\/Jorge-Varela.jpg\" class=\"attachment-large size-large wp-image-923\" alt=\"Jorge Varela Violoncello\" srcset=\"https:\/\/eduardopalao.com\/wp-content\/uploads\/2021\/10\/Jorge-Varela.jpg 640w, https:\/\/eduardopalao.com\/wp-content\/uploads\/2021\/10\/Jorge-Varela-300x188.jpg 300w\" sizes=\"(max-width: 640px) 100vw, 640px\" title=\"\">\t\t\t\t\t\t\t\t\t\t\t\t\t\t\t<\/div>\n\t\t\t\t<\/div>\n\t\t\t\t<div class=\"elementor-element elementor-element-034e89e elementor-widget elementor-widget-text-editor\" data-id=\"034e89e\" data-element_type=\"widget\" data-e-type=\"widget\" data-widget_type=\"text-editor.default\">\n\t\t\t\t<div class=\"elementor-widget-container\">\n\t\t\t\t\t\t\t\t\t<h5>\u201c\u5f88\u5c11\u6709\u4eba\u80fd\u50cf\u611b\u5fb7\u83ef\u591a\u90a3\u6a23\u50b3\u6388\u548c\u6559\u5b78.\u201d<\/h5>\t\t\t\t\t\t\t\t<\/div>\n\t\t\t\t<\/div>\n\t\t\t\t<div class=\"elementor-element elementor-element-ea9d1b2 elementor-widget elementor-widget-heading\" data-id=\"ea9d1b2\" data-element_type=\"widget\" data-e-type=\"widget\" data-widget_type=\"heading.default\">\n\t\t\t\t<div class=\"elementor-widget-container\">\n\t\t\t\t\t<h6 class=\"elementor-heading-title elementor-size-default\">\u95dc\u65bc\u8c6a\u723e\u8d6b\uff1a<\/h6>\t\t\t\t<\/div>\n\t\t\t\t<\/div>\n\t\t\t\t<div class=\"elementor-element elementor-element-09a1c07 elementor-widget elementor-widget-text-editor\" data-id=\"09a1c07\" data-element_type=\"widget\" data-e-type=\"widget\" data-widget_type=\"text-editor.default\">\n\t\t\t\t<div class=\"elementor-widget-container\">\n\t\t\t\t\t\t\t\t\t<p class=\"p1\"><span class=\"s1\">Jorge\uff08Xurxo \u6216\u201cGeorge\u201d\uff09\u662f\u6211\u4ee5\u524d\u7684\u5b78\u751f\uff0c\u548c\u6211\u4e00\u8d77\u5b78\u7fd2\u4e86\u516d\u5e74\u3002 \u7d55\u5c0d\u662f\u6211\u73ed\u4e0a\u6700\u597d\u7684\u97f3\u6a02\u4eba\u624d\u4e4b\u4e00\uff0c\u5118\u7ba1\u4ed6\u6700\u7d42\u6c7a\u5b9a\u8d70\u53e6\u4e00\u689d\u4eba\u751f\u9053\u8def\u3002 \u4f5c\u70ba\u4e00\u4f4d\u654f\u611f\u7684\u97f3\u6a02\u5bb6\uff0cXurxo \u5177\u6709\u8c50\u5bcc\u7684\u60f3\u50cf\u548c\u54c1\u5473\uff0c\u4ed6\u5728\u97f3\u6a02\u6703\u4e0a\u7e3d\u662f\u8868\u73fe\u51fa\u9ad8\u6c34\u5e73\uff0c\u4ed6\u7684\u8072\u97f3\u548c\u6210\u719f\u5ea6\u5728\u97f3\u6a02\u6703\u4e2d\u812b\u7a4e\u800c\u51fa.\u00a0<\/span><\/p><p class=\"p1\"><span class=\"s1\">\u73fe\u5728\uff0c\u4f5c\u70ba\u4e00\u540d\u653f\u6cbb\u5b78\u7562\u696d\u751f\uff0c\u97f3\u6a02\u5728\u4ed6\u7684\u751f\u6d3b\u4e2d\u4e00\u76f4\u626e\u6f14\u8457\u975e\u5e38\u91cd\u8981\u7684\u89d2\u8272\uff0c\u5982\u679c\u4ed6\u91cd\u65b0\u958b\u59cb\u8a8d\u771f\u6f14\u594f\u4e5f\u5c31\u4e0d\u8db3\u70ba\u5947\u4e86\u2026 \u689d\u4ef6\uff0c\u5145\u8db3\uff01<\/span><\/p>\t\t\t\t\t\t\t\t<\/div>\n\t\t\t\t<\/div>\n\t\t\t\t<div class=\"elementor-element elementor-element-5dcf2c6 elementor-widget elementor-widget-spacer\" data-id=\"5dcf2c6\" data-element_type=\"widget\" data-e-type=\"widget\" data-widget_type=\"spacer.default\">\n\t\t\t\t<div class=\"elementor-widget-container\">\n\t\t\t\t\t\t\t<div class=\"elementor-spacer\">\n\t\t\t<div class=\"elementor-spacer-inner\"><\/div>\n\t\t<\/div>\n\t\t\t\t\t\t<\/div>\n\t\t\t\t<\/div>\n\t\t\t\t\t<\/div>\n\t\t<\/div>\n\t\t\t\t<div class=\"elementor-column elementor-col-50 elementor-inner-column elementor-element elementor-element-dd1d093\" data-id=\"dd1d093\" data-element_type=\"column\" data-e-type=\"column\">\n\t\t\t<div class=\"elementor-widget-wrap elementor-element-populated\">\n\t\t\t\t\t\t<div class=\"elementor-element elementor-element-9e1c709 elementor-widget elementor-widget-video\" data-id=\"9e1c709\" data-element_type=\"widget\" data-e-type=\"widget\" data-settings=\"{&quot;video_type&quot;:&quot;vimeo&quot;}\" data-widget_type=\"video.default\">\n\t\t\t\t<div class=\"elementor-widget-container\">\n\t\t\t\t\t\t\t<div class=\"elementor-wrapper elementor-open-inline\">\n\t\t\t<iframe class=\"elementor-video-iframe\" allowfullscreen allow=\"clipboard-write\" title=\"vimeo\u8996\u983b\u64ad\u653e\u5668\" src=\"https:\/\/player.vimeo.com\/video\/641957070?color=F7B267&amp;autopause=0&amp;loop=0&amp;muted=0&amp;title=0&amp;portrait=0&amp;byline=0#t=\" data-no-translation-title=\"\"><\/iframe>\t\t<\/div>\n\t\t\t\t\t\t<\/div>\n\t\t\t\t<\/div>\n\t\t\t\t<div class=\"elementor-element elementor-element-d29efa7 elementor-widget elementor-widget-heading\" data-id=\"d29efa7\" data-element_type=\"widget\" data-e-type=\"widget\" data-widget_type=\"heading.default\">\n\t\t\t\t<div class=\"elementor-widget-container\">\n\t\t\t\t\t<div class=\"elementor-heading-title elementor-size-default\">\u5f71\u7247\uff1aJorge \u5411\u6211\u5011\u8b1b\u8ff0\u4e86\u4ed6\u4f5c\u70ba Edu \u5b78\u751f\u7684\u7d93\u6b77 <\/div>\t\t\t\t<\/div>\n\t\t\t\t<\/div>\n\t\t\t\t\t<\/div>\n\t\t<\/div>\n\t\t\t\t\t<\/div>\n\t\t<\/section>\n\t\t\t\t\t<\/div>\n\t\t<\/div>\n\t\t\t\t\t<\/div>\n\t\t<\/section>\n\t\t\t\t<section class=\"elementor-section elementor-top-section elementor-element elementor-element-0fa2cb4 elementor-section-boxed elementor-section-height-default elementor-section-height-default\" data-id=\"0fa2cb4\" data-element_type=\"section\" data-e-type=\"section\" data-settings=\"{&quot;background_background&quot;:&quot;classic&quot;}\">\n\t\t\t\t\t\t<div class=\"elementor-container elementor-column-gap-default\">\n\t\t\t\t\t<div class=\"elementor-column elementor-col-25 elementor-top-column elementor-element elementor-element-e93dbb2\" data-id=\"e93dbb2\" data-element_type=\"column\" data-e-type=\"column\">\n\t\t\t<div class=\"elementor-widget-wrap elementor-element-populated\">\n\t\t\t\t\t\t<div class=\"elementor-element elementor-element-2c5d1b9 elementor-widget-divider--view-line elementor-widget elementor-widget-divider\" data-id=\"2c5d1b9\" data-element_type=\"widget\" data-e-type=\"widget\" data-widget_type=\"divider.default\">\n\t\t\t\t<div class=\"elementor-widget-container\">\n\t\t\t\t\t\t\t<div class=\"elementor-divider\">\n\t\t\t<span class=\"elementor-divider-separator\">\n\t\t\t\t\t\t<\/span>\n\t\t<\/div>\n\t\t\t\t\t\t<\/div>\n\t\t\t\t<\/div>\n\t\t\t\t<div class=\"elementor-element elementor-element-84b5748 elementor-widget elementor-widget-testimonial\" data-id=\"84b5748\" data-element_type=\"widget\" data-e-type=\"widget\" data-widget_type=\"testimonial.default\">\n\t\t\t\t<div class=\"elementor-widget-container\">\n\t\t\t\t\t\t\t<div class=\"elementor-testimonial-wrapper\">\n\t\t\t\t\t\t\t<div class=\"elementor-testimonial-content\">\"Un espacio donde t\u00fa sab\u00edas que alguien te guiaba en una direcci\u00f3n l\u00f3gica y positiva\"<\/div>\n\t\t\t\n\t\t\t\t\t\t<div class=\"elementor-testimonial-meta elementor-has-image elementor-testimonial-image-position-aside\">\n\t\t\t\t<div class=\"elementor-testimonial-meta-inner\">\n\t\t\t\t\t\t\t\t\t\t\t<div class=\"elementor-testimonial-image\">\n\t\t\t\t\t\t\t<a href=\"https:\/\/eduardopalao.com\/zh\/angela-lobato\/\"><img decoding=\"async\" width=\"640\" height=\"400\" src=\"https:\/\/eduardopalao.com\/wp-content\/uploads\/2021\/10\/Angela-Lobato.jpeg\" class=\"attachment-full size-full wp-image-919\" alt=\"Angela Lobato Violoncello\" title=\"\" srcset=\"https:\/\/eduardopalao.com\/wp-content\/uploads\/2021\/10\/Angela-Lobato.jpeg 640w, https:\/\/eduardopalao.com\/wp-content\/uploads\/2021\/10\/Angela-Lobato-300x188.jpeg 300w\" sizes=\"(max-width: 640px) 100vw, 640px\" \/><\/a>\t\t\t\t\t\t<\/div>\n\t\t\t\t\t\n\t\t\t\t\t\t\t\t\t\t<div class=\"elementor-testimonial-details\">\n\t\t\t\t\t\t\t\t\t\t\t\t\t\t<a class=\"elementor-testimonial-name\" href=\"https:\/\/eduardopalao.com\/zh\/angela-lobato\/\">\u00c1ngela Lobato<\/a>\n\t\t\t\t\t\t\t\t\t\t\t\t\t\t\t\t\t\t\t\t\t\t<a class=\"elementor-testimonial-job\" href=\"https:\/\/eduardopalao.com\/zh\/angela-lobato\/\">\u5927\u63d0\u7434\u5bb6<\/a>\n\t\t\t\t\t\t\t\t\t\t\t\t\t<\/div>\n\t\t\t\t\t\t\t\t\t<\/div>\n\t\t\t<\/div>\n\t\t\t\t\t<\/div>\n\t\t\t\t\t\t<\/div>\n\t\t\t\t<\/div>\n\t\t\t\t<div class=\"elementor-element elementor-element-25e12b1 elementor-widget__width-auto elementor-widget elementor-widget-button\" data-id=\"25e12b1\" data-element_type=\"widget\" data-e-type=\"widget\" data-widget_type=\"button.default\">\n\t\t\t\t<div class=\"elementor-widget-container\">\n\t\t\t\t\t\t\t\t\t<div class=\"elementor-button-wrapper\">\n\t\t\t\t\t<a class=\"elementor-button elementor-button-link elementor-size-sm\" href=\"https:\/\/eduardopalao.com\/zh\/angela-lobato\/\">\n\t\t\t\t\t\t<span class=\"elementor-button-content-wrapper\">\n\t\t\t\t\t\t<span class=\"elementor-button-icon\">\n\t\t\t\t<i aria-hidden=\"true\" class=\"fas fa-long-arrow-alt-right\"><\/i>\t\t\t<\/span>\n\t\t\t\t\t\t\t\t\t<span class=\"elementor-button-text\">\u5f71\u7247<\/span>\n\t\t\t\t\t<\/span>\n\t\t\t\t\t<\/a>\n\t\t\t\t<\/div>\n\t\t\t\t\t\t\t\t<\/div>\n\t\t\t\t<\/div>\n\t\t\t\t\t<\/div>\n\t\t<\/div>\n\t\t\t\t<div class=\"elementor-column elementor-col-25 elementor-top-column elementor-element elementor-element-b990c23\" data-id=\"b990c23\" data-element_type=\"column\" data-e-type=\"column\">\n\t\t\t<div class=\"elementor-widget-wrap elementor-element-populated\">\n\t\t\t\t\t\t<div class=\"elementor-element elementor-element-2d5ced6 elementor-widget-divider--view-line elementor-widget elementor-widget-divider\" data-id=\"2d5ced6\" data-element_type=\"widget\" data-e-type=\"widget\" data-widget_type=\"divider.default\">\n\t\t\t\t<div class=\"elementor-widget-container\">\n\t\t\t\t\t\t\t<div class=\"elementor-divider\">\n\t\t\t<span class=\"elementor-divider-separator\">\n\t\t\t\t\t\t<\/span>\n\t\t<\/div>\n\t\t\t\t\t\t<\/div>\n\t\t\t\t<\/div>\n\t\t\t\t<div class=\"elementor-element elementor-element-a17b306 elementor-widget elementor-widget-testimonial\" data-id=\"a17b306\" data-element_type=\"widget\" data-e-type=\"widget\" data-widget_type=\"testimonial.default\">\n\t\t\t\t<div class=\"elementor-widget-container\">\n\t\t\t\t\t\t\t<div class=\"elementor-testimonial-wrapper\">\n\t\t\t\t\t\t\t<div class=\"elementor-testimonial-content\">\"Eduardo es, sin duda alguna, el profesor gracias al cual yo me he dedicado a la m\u00fasica\"<\/div>\n\t\t\t\n\t\t\t\t\t\t<div class=\"elementor-testimonial-meta elementor-has-image elementor-testimonial-image-position-aside\">\n\t\t\t\t<div class=\"elementor-testimonial-meta-inner\">\n\t\t\t\t\t\t\t\t\t\t\t<div class=\"elementor-testimonial-image\">\n\t\t\t\t\t\t\t<a href=\"https:\/\/eduardopalao.com\/zh\/javier-iglesias-2\/\"><img decoding=\"async\" width=\"640\" height=\"400\" src=\"https:\/\/eduardopalao.com\/wp-content\/uploads\/2021\/10\/Javier-Iglesias.jpg\" class=\"attachment-full size-full wp-image-922\" alt=\"Javier Iglesias Violoncello\" title=\"\" srcset=\"https:\/\/eduardopalao.com\/wp-content\/uploads\/2021\/10\/Javier-Iglesias.jpg 640w, https:\/\/eduardopalao.com\/wp-content\/uploads\/2021\/10\/Javier-Iglesias-300x188.jpg 300w\" sizes=\"(max-width: 640px) 100vw, 640px\" \/><\/a>\t\t\t\t\t\t<\/div>\n\t\t\t\t\t\n\t\t\t\t\t\t\t\t\t\t<div class=\"elementor-testimonial-details\">\n\t\t\t\t\t\t\t\t\t\t\t\t\t\t<a class=\"elementor-testimonial-name\" href=\"https:\/\/eduardopalao.com\/zh\/javier-iglesias-2\/\">Javier Iglesias<\/a>\n\t\t\t\t\t\t\t\t\t\t\t\t\t\t\t\t\t\t\t\t\t\t<a class=\"elementor-testimonial-job\" href=\"https:\/\/eduardopalao.com\/zh\/javier-iglesias-2\/\">\u5927\u63d0\u7434\u5bb6<\/a>\n\t\t\t\t\t\t\t\t\t\t\t\t\t<\/div>\n\t\t\t\t\t\t\t\t\t<\/div>\n\t\t\t<\/div>\n\t\t\t\t\t<\/div>\n\t\t\t\t\t\t<\/div>\n\t\t\t\t<\/div>\n\t\t\t\t<div class=\"elementor-element elementor-element-c278ee9 elementor-widget__width-auto elementor-widget elementor-widget-button\" data-id=\"c278ee9\" data-element_type=\"widget\" data-e-type=\"widget\" data-widget_type=\"button.default\">\n\t\t\t\t<div class=\"elementor-widget-container\">\n\t\t\t\t\t\t\t\t\t<div class=\"elementor-button-wrapper\">\n\t\t\t\t\t<a class=\"elementor-button elementor-button-link elementor-size-sm\" href=\"https:\/\/eduardopalao.com\/zh\/javier-iglesias-2\/\">\n\t\t\t\t\t\t<span class=\"elementor-button-content-wrapper\">\n\t\t\t\t\t\t<span class=\"elementor-button-icon\">\n\t\t\t\t<i aria-hidden=\"true\" class=\"fas fa-long-arrow-alt-right\"><\/i>\t\t\t<\/span>\n\t\t\t\t\t\t\t\t\t<span class=\"elementor-button-text\">\u5f71\u7247<\/span>\n\t\t\t\t\t<\/span>\n\t\t\t\t\t<\/a>\n\t\t\t\t<\/div>\n\t\t\t\t\t\t\t\t<\/div>\n\t\t\t\t<\/div>\n\t\t\t\t\t<\/div>\n\t\t<\/div>\n\t\t\t\t<div class=\"elementor-column elementor-col-25 elementor-top-column elementor-element elementor-element-834f03c\" data-id=\"834f03c\" data-element_type=\"column\" data-e-type=\"column\">\n\t\t\t<div class=\"elementor-widget-wrap elementor-element-populated\">\n\t\t\t\t\t\t<div class=\"elementor-element elementor-element-f8eb8d7 elementor-widget-divider--view-line elementor-widget elementor-widget-divider\" data-id=\"f8eb8d7\" data-element_type=\"widget\" data-e-type=\"widget\" data-widget_type=\"divider.default\">\n\t\t\t\t<div class=\"elementor-widget-container\">\n\t\t\t\t\t\t\t<div class=\"elementor-divider\">\n\t\t\t<span class=\"elementor-divider-separator\">\n\t\t\t\t\t\t<\/span>\n\t\t<\/div>\n\t\t\t\t\t\t<\/div>\n\t\t\t\t<\/div>\n\t\t\t\t<div class=\"elementor-element elementor-element-e239f93 elementor-widget elementor-widget-testimonial\" data-id=\"e239f93\" data-element_type=\"widget\" data-e-type=\"widget\" data-widget_type=\"testimonial.default\">\n\t\t\t\t<div class=\"elementor-widget-container\">\n\t\t\t\t\t\t\t<div class=\"elementor-testimonial-wrapper\">\n\t\t\t\t\t\t\t<div class=\"elementor-testimonial-content\"><span style=\"font-size: 18.2px\">\"Tiene el don de transmitir, y much\u00edsima pasi\u00f3n y dedicaci\u00f3n por lo que hace\"<\/span><\/div>\n\t\t\t\n\t\t\t\t\t\t<div class=\"elementor-testimonial-meta elementor-has-image elementor-testimonial-image-position-aside\">\n\t\t\t\t<div class=\"elementor-testimonial-meta-inner\">\n\t\t\t\t\t\t\t\t\t\t\t<div class=\"elementor-testimonial-image\">\n\t\t\t\t\t\t\t<a href=\"https:\/\/eduardopalao.com\/zh\/paula-cuesta-2\/\"><img loading=\"lazy\" decoding=\"async\" width=\"640\" height=\"400\" src=\"https:\/\/eduardopalao.com\/wp-content\/uploads\/2021\/10\/Paula-Cuesta.jpg\" class=\"attachment-full size-full wp-image-924\" alt=\"Paula Cuesta Violoncello\" title=\"\" srcset=\"https:\/\/eduardopalao.com\/wp-content\/uploads\/2021\/10\/Paula-Cuesta.jpg 640w, https:\/\/eduardopalao.com\/wp-content\/uploads\/2021\/10\/Paula-Cuesta-300x188.jpg 300w\" sizes=\"(max-width: 640px) 100vw, 640px\" \/><\/a>\t\t\t\t\t\t<\/div>\n\t\t\t\t\t\n\t\t\t\t\t\t\t\t\t\t<div class=\"elementor-testimonial-details\">\n\t\t\t\t\t\t\t\t\t\t\t\t\t\t<a class=\"elementor-testimonial-name\" href=\"https:\/\/eduardopalao.com\/zh\/paula-cuesta-2\/\">Paula Cuesta<\/a>\n\t\t\t\t\t\t\t\t\t\t\t\t\t\t\t\t\t\t\t\t\t\t<a class=\"elementor-testimonial-job\" href=\"https:\/\/eduardopalao.com\/zh\/paula-cuesta-2\/\">\u632a\u5a01\u6b4c\u5287\u9662\u4ea4\u97ff\u6a02\u5718\u7684\u5927\u63d0\u7434\u624b <br>. <\/a>\n\t\t\t\t\t\t\t\t\t\t\t\t\t<\/div>\n\t\t\t\t\t\t\t\t\t<\/div>\n\t\t\t<\/div>\n\t\t\t\t\t<\/div>\n\t\t\t\t\t\t<\/div>\n\t\t\t\t<\/div>\n\t\t\t\t<div class=\"elementor-element elementor-element-5b0cc88 elementor-widget__width-auto elementor-widget elementor-widget-button\" data-id=\"5b0cc88\" data-element_type=\"widget\" data-e-type=\"widget\" data-widget_type=\"button.default\">\n\t\t\t\t<div class=\"elementor-widget-container\">\n\t\t\t\t\t\t\t\t\t<div class=\"elementor-button-wrapper\">\n\t\t\t\t\t<a class=\"elementor-button elementor-button-link elementor-size-sm\" href=\"https:\/\/eduardopalao.com\/zh\/paula-cuesta-2\/\">\n\t\t\t\t\t\t<span class=\"elementor-button-content-wrapper\">\n\t\t\t\t\t\t<span class=\"elementor-button-icon\">\n\t\t\t\t<i aria-hidden=\"true\" class=\"fas fa-long-arrow-alt-right\"><\/i>\t\t\t<\/span>\n\t\t\t\t\t\t\t\t\t<span class=\"elementor-button-text\">\u5f71\u7247<\/span>\n\t\t\t\t\t<\/span>\n\t\t\t\t\t<\/a>\n\t\t\t\t<\/div>\n\t\t\t\t\t\t\t\t<\/div>\n\t\t\t\t<\/div>\n\t\t\t\t\t<\/div>\n\t\t<\/div>\n\t\t\t\t<div class=\"elementor-column elementor-col-25 elementor-top-column elementor-element elementor-element-ce4640e\" data-id=\"ce4640e\" data-element_type=\"column\" data-e-type=\"column\">\n\t\t\t<div class=\"elementor-widget-wrap elementor-element-populated\">\n\t\t\t\t\t\t<div class=\"elementor-element elementor-element-b347284 elementor-widget-divider--view-line elementor-widget elementor-widget-divider\" data-id=\"b347284\" data-element_type=\"widget\" data-e-type=\"widget\" data-widget_type=\"divider.default\">\n\t\t\t\t<div class=\"elementor-widget-container\">\n\t\t\t\t\t\t\t<div class=\"elementor-divider\">\n\t\t\t<span class=\"elementor-divider-separator\">\n\t\t\t\t\t\t<\/span>\n\t\t<\/div>\n\t\t\t\t\t\t<\/div>\n\t\t\t\t<\/div>\n\t\t\t\t<div class=\"elementor-element elementor-element-9cb937c elementor-widget elementor-widget-testimonial\" data-id=\"9cb937c\" data-element_type=\"widget\" data-e-type=\"widget\" data-widget_type=\"testimonial.default\">\n\t\t\t\t<div class=\"elementor-widget-container\">\n\t\t\t\t\t\t\t<div class=\"elementor-testimonial-wrapper\">\n\t\t\t\t\t\t\t<div class=\"elementor-testimonial-content\"><span style=\"font-size: 18.2px\">\"Cuando llegu\u00e9 a Eduardo en primero de profesional, todo cambi\u00f3 radicalmente\"<\/span><\/div>\n\t\t\t\n\t\t\t\t\t\t<div class=\"elementor-testimonial-meta elementor-has-image elementor-testimonial-image-position-aside\">\n\t\t\t\t<div class=\"elementor-testimonial-meta-inner\">\n\t\t\t\t\t\t\t\t\t\t\t<div class=\"elementor-testimonial-image\">\n\t\t\t\t\t\t\t<a href=\"https:\/\/eduardopalao.com\/zh\/arturo-sepulveda-2\/\"><img loading=\"lazy\" decoding=\"async\" width=\"640\" height=\"400\" src=\"https:\/\/eduardopalao.com\/wp-content\/uploads\/2021\/10\/Arturo-Sepulveda.jpg\" class=\"attachment-full size-full wp-image-938\" alt=\"Arturo Sepulveda Violoncello\" title=\"\" srcset=\"https:\/\/eduardopalao.com\/wp-content\/uploads\/2021\/10\/Arturo-Sepulveda.jpg 640w, https:\/\/eduardopalao.com\/wp-content\/uploads\/2021\/10\/Arturo-Sepulveda-300x188.jpg 300w\" sizes=\"(max-width: 640px) 100vw, 640px\" \/><\/a>\t\t\t\t\t\t<\/div>\n\t\t\t\t\t\n\t\t\t\t\t\t\t\t\t\t<div class=\"elementor-testimonial-details\">\n\t\t\t\t\t\t\t\t\t\t\t\t\t\t<a class=\"elementor-testimonial-name\" href=\"https:\/\/eduardopalao.com\/zh\/arturo-sepulveda-2\/\">\u7d66\u611b\u5fb7\u83ef\u591a\uff08Edu\uff09\u8001\u5e2b\u7684\u4e00\u53e5\u8a71<\/a>\n\t\t\t\t\t\t\t\t\t\t\t\t\t\t\t\t\t\t\t\t\t\t<a class=\"elementor-testimonial-job\" href=\"https:\/\/eduardopalao.com\/zh\/arturo-sepulveda-2\/\">\u5927\u63d0\u7434\u5b78\u751f<\/a>\n\t\t\t\t\t\t\t\t\t\t\t\t\t<\/div>\n\t\t\t\t\t\t\t\t\t<\/div>\n\t\t\t<\/div>\n\t\t\t\t\t<\/div>\n\t\t\t\t\t\t<\/div>\n\t\t\t\t<\/div>\n\t\t\t\t<div class=\"elementor-element elementor-element-2d64700 elementor-widget__width-auto elementor-widget elementor-widget-button\" data-id=\"2d64700\" data-element_type=\"widget\" data-e-type=\"widget\" data-widget_type=\"button.default\">\n\t\t\t\t<div class=\"elementor-widget-container\">\n\t\t\t\t\t\t\t\t\t<div class=\"elementor-button-wrapper\">\n\t\t\t\t\t<a class=\"elementor-button elementor-button-link elementor-size-sm\" href=\"https:\/\/eduardopalao.com\/zh\/arturo-sepulveda-2\/\">\n\t\t\t\t\t\t<span class=\"elementor-button-content-wrapper\">\n\t\t\t\t\t\t<span class=\"elementor-button-icon\">\n\t\t\t\t<i aria-hidden=\"true\" class=\"fas fa-long-arrow-alt-right\"><\/i>\t\t\t<\/span>\n\t\t\t\t\t\t\t\t\t<span class=\"elementor-button-text\">\u5f71\u7247<\/span>\n\t\t\t\t\t<\/span>\n\t\t\t\t\t<\/a>\n\t\t\t\t<\/div>\n\t\t\t\t\t\t\t\t<\/div>\n\t\t\t\t<\/div>\n\t\t\t\t\t<\/div>\n\t\t<\/div>\n\t\t\t\t\t<\/div>\n\t\t<\/section>\n\t\t\t\t<\/div>","protected":false},"excerpt":{"rendered":"<p>Jorge nos habla de Edu: &#8220;Pocas personas pueden transmitir y ense\u00f1ar como lo hace Eduardo&#8221;. Acerca de Jorge: Jorge (Xurxo o \u201cGeorge\u201d) es un antiguo alumno que estudi\u00f3 conmigo durante seis a\u00f1os. Definitivamente, uno de los mayores talentos que han pasado por mi clase, aunque finalmente tomara la decisi\u00f3n de tomar otro camino en su [&hellip;]<\/p>\n","protected":false},"author":2,"featured_media":0,"parent":0,"menu_order":0,"comment_status":"closed","ping_status":"closed","template":"","meta":{"site-sidebar-layout":"no-sidebar","site-content-layout":"page-builder","ast-site-content-layout":"default","site-content-style":"default","site-sidebar-style":"default","ast-global-header-display":"","ast-banner-title-visibility":"","ast-main-header-display":"","ast-hfb-above-header-display":"","ast-hfb-below-header-display":"","ast-hfb-mobile-header-display":"","site-post-title":"disabled","ast-breadcrumbs-content":"","ast-featured-img":"disabled","footer-sml-layout":"","ast-disable-related-posts":"","theme-transparent-header-meta":"enabled","adv-header-id-meta":"","stick-header-meta":"","header-above-stick-meta":"","header-main-stick-meta":"","header-below-stick-meta":"","astra-migrate-meta-layouts":"default","ast-page-background-enabled":"default","ast-page-background-meta":{"desktop":{"background-color":"","background-image":"","background-repeat":"repeat","background-position":"center center","background-size":"auto","background-attachment":"scroll","background-type":"","background-media":"","overlay-type":"","overlay-color":"","overlay-opacity":"","overlay-gradient":""},"tablet":{"background-color":"","background-image":"","background-repeat":"repeat","background-position":"center center","background-size":"auto","background-attachment":"scroll","background-type":"","background-media":"","overlay-type":"","overlay-color":"","overlay-opacity":"","overlay-gradient":""},"mobile":{"background-color":"","background-image":"","background-repeat":"repeat","background-position":"center center","background-size":"auto","background-attachment":"scroll","background-type":"","background-media":"","overlay-type":"","overlay-color":"","overlay-opacity":"","overlay-gradient":""}},"ast-content-background-meta":{"desktop":{"background-color":"var(--ast-global-color-5)","background-image":"","background-repeat":"repeat","background-position":"center center","background-size":"auto","background-attachment":"scroll","background-type":"","background-media":"","overlay-type":"","overlay-color":"","overlay-opacity":"","overlay-gradient":""},"tablet":{"background-color":"var(--ast-global-color-5)","background-image":"","background-repeat":"repeat","background-position":"center center","background-size":"auto","background-attachment":"scroll","background-type":"","background-media":"","overlay-type":"","overlay-color":"","overlay-opacity":"","overlay-gradient":""},"mobile":{"background-color":"var(--ast-global-color-5)","background-image":"","background-repeat":"repeat","background-position":"center center","background-size":"auto","background-attachment":"scroll","background-type":"","background-media":"","overlay-type":"","overlay-color":"","overlay-opacity":"","overlay-gradient":""}},"footnotes":""},"class_list":["post-1023","page","type-page","status-publish","hentry"],"_links":{"self":[{"href":"https:\/\/eduardopalao.com\/zh\/wp-json\/wp\/v2\/pages\/1023","targetHints":{"allow":["GET"]}}],"collection":[{"href":"https:\/\/eduardopalao.com\/zh\/wp-json\/wp\/v2\/pages"}],"about":[{"href":"https:\/\/eduardopalao.com\/zh\/wp-json\/wp\/v2\/types\/page"}],"author":[{"embeddable":true,"href":"https:\/\/eduardopalao.com\/zh\/wp-json\/wp\/v2\/users\/2"}],"replies":[{"embeddable":true,"href":"https:\/\/eduardopalao.com\/zh\/wp-json\/wp\/v2\/comments?post=1023"}],"version-history":[{"count":0,"href":"https:\/\/eduardopalao.com\/zh\/wp-json\/wp\/v2\/pages\/1023\/revisions"}],"wp:attachment":[{"href":"https:\/\/eduardopalao.com\/zh\/wp-json\/wp\/v2\/media?parent=1023"}],"curies":[{"name":"wp","href":"https:\/\/api.w.org\/{rel}","templated":true}]}}